{"id":558,"date":"2018-09-02T10:02:35","date_gmt":"2018-09-02T10:02:35","guid":{"rendered":"https:\/\/www.jeanpaulkaeser.ch\/new\/?page_id=558"},"modified":"2018-09-05T14:38:23","modified_gmt":"2018-09-05T14:38:23","slug":"datenschutzerklaerung-2","status":"publish","type":"page","link":"https:\/\/www.jeanpaulkaeser.ch\/index.php\/datenschutzerklaerung-2\/","title":{"rendered":"Datenschutz"},"content":{"rendered":"<p>G\u00fcltig f\u00fcr die Homepage www.jeanpaulkaeser.ch<\/p>\n<p>Ich, Jean-Paul K\u00e4ser, Freiburgstrasse, 2503 Biel, Schweiz, nehme Datenschutz ernst und gebe Ihnen in der folgenden Erkl\u00e4rung Auskunft \u00fcber die Erhebung, Speicherung und etwaige Verwendung personenbezogener Daten auf meiner Website www.jeanpaulkaeser.ch. Sie gilt entsprechend f\u00fcr mobile Endger\u00e4te oder auf andere Plattformen angepasste Angebote und Pr\u00e4senzen.<\/p>\n<h3><\/h3>\n<h2>Personenbezogene Daten<\/h2>\n<p>Personenbezogene Daten sind alle Informationen, die sich auf eine identifizierte oder identifizierbare nat\u00fcrliche Person beziehen. Mit personenbezogenen Daten kann eine betroffene Person identifiziert oder kontaktiert werden. Hierzu z\u00e4hlen beispielsweise Name, Anschrift, E-Mail, Telefonnummer oder eine Ihnen von Ihrem Internetprovider zugewiesene IP-Adresse. Keine personenbezogenen Daten sind solche Informationen, mit deren Hilfe Sie nicht identifizierbar sind (anonyme Daten).<\/p>\n<h2>Automatisch \u00fcbertragene Nutzungsdaten<\/h2>\n<p>Bei Nutzung meiner Website \u00fcbermittelt Ihr Internetbrowser aus technischen Gr\u00fcnden automatisch bestimmte Nutzungsdaten bzw. sogenannte Server-Logfiles an uns. Es handelt sich dabei unter anderem um:<br \/>\n\u2022 Datum und Uhrzeit des Zugriffs<br \/>\n\u2022 URL (Adresse) der verweisenden Website<br \/>\n\u2022 abgerufene Datei<br \/>\n\u2022 Menge der gesendeten Daten<br \/>\n\u2022 Hostname des zugreifenden Rechners (IP-Adresse)<br \/>\n\u2022 Browsertyp und -version<br \/>\n\u2022 Betriebssystem<\/p>\n<p>Diese Informationen werden von mir ausschliesslich zu Zwecken der technischen Administration meiner Website, zur Abwehr von rechtswidrigen Handlungen im Zusammenhang mit meiner Website und teilweise zur statistischen Auswertung gespeichert. Ich behalte mir vor, diese Protokolldaten nachtr\u00e4glich zu pr\u00fcfen, wenn aufgrund konkreter Anhaltspunkte der berechtigte Verdacht einer rechtswidrigen Handlung besteht.<\/p>\n<h2>Durch Ihre Angaben erhobene und verarbeitete Daten<\/h2>\n<p>Sie k\u00f6nnen meine Website grunds\u00e4tzlich nutzen, ohne mir weitere personenbezogene Daten von Ihnen mitzuteilen. Personenbezogene Daten werden nur erhoben und gespeichert, wenn Sie dazu gesondert Ihre Einwilligung erteilt haben. Diese Daten werden jeweils ausser anders vermerkt nur zur Bearbeitung des konkreten Anliegens genutzt.<\/p>\n<h2>SSL-Verschl\u00fcsselung<\/h2>\n<p>Um die Sicherheit Ihrer Daten bei der \u00dcbertragung zu sch\u00fctzen, wird das dem aktuellen Stand der Technik entsprechende Verschl\u00fcsselungsverfahren (z.B. SSL) \u00fcber HTTPS benutzt.<\/p>\n<h2>Datensicherheit<\/h2>\n<p>Ich treffe alle gesetzlichen Vorkehrungen, um Ihre personenbezogenen Daten vor Verlust, Zerst\u00f6rung, Verf\u00e4lschung, Manipulation und unberechtigten Zugriff zu sch\u00fctzen. Jedoch sollten Sie bedenken, dass keine Internet\u00fcbertragung jemals 100%ig sicher oder fehlerfrei ist. Ich bitte Sie dies auch bei der Nutzung dieser Website zu ber\u00fccksichtigen. Die Kommunikation \u00fcber E-Mails, die Sie an mich schicken, erfolgt unverschl\u00fcsselt. Senden Sie daher bitte keine vertraulichen oder sensiblen Daten \u00fcber diesen Kommunikationsweg.<\/p>\n<h2>Weiterf\u00fchrende Links<\/h2>\n<p>Diese Erkl\u00e4rung zum Datenschutz gilt nur f\u00fcr meine Website. Die Website kann Links auf externe Websites enthalten, auf die sich diese Erkl\u00e4rung nicht erstreckt. Wenn Sie meine Website \u00fcber einen Link verlassen, wird empfohlen, die Datenschutzhinweise jeder Website sorgf\u00e4ltig zu lesen.<\/p>\n<h2>\u00c4nderung unserer Datenschutzbestimmungen<\/h2>\n<p>Ich behalte mir vor, diese Datenschutzerkl\u00e4rung gelegentlich anzupassen, damit sie stets den aktuellen rechtlichen Anforderungen entspricht oder um \u00c4nderungen unserer Leistungen in der Datenschutzerkl\u00e4rung umzusetzen, z.B. bei der Einf\u00fchrung neuer Services. F\u00fcr Ihren erneuten Besuch gilt dann die neue Datenschutzerkl\u00e4rung.<\/p>\n<h2>Ihre Rechte<\/h2>\n<p>Sie haben das Recht, sich bei mir jederzeit kostenlos Auskunft \u00fcber die bei mir zu Ihrer Person gespeicherten Daten einzuholen, diese zu korrigieren, zu sperren oder l\u00f6schen zu lassen.<\/p>\n","protected":false},"excerpt":{"rendered":"<p>G\u00fcltig f\u00fcr die Homepage www.jeanpaulkaeser.ch Ich, Jean-Paul K\u00e4ser, Freiburgstrasse, 2503 Biel, Schweiz, nehme Datenschutz ernst und gebe Ihnen in der folgenden Erkl\u00e4rung Auskunft \u00fcber die Erhebung, Speicherung und etwaige Verwendung personenbezogener Daten auf meiner Website www.jeanpaulkaeser.ch. Sie gilt entsprechend f\u00fcr mobile Endger\u00e4te oder auf andere Plattformen angepasste Angebote und Pr\u00e4senzen. Personenbezogene Daten Personenbezogene Daten sind [&hellip;]<\/p>\n","protected":false},"author":2,"featured_media":0,"parent":0,"menu_order":0,"comment_status":"closed","ping_status":"open","template":"","meta":{"footnotes":""},"class_list":["post-558","page","type-page","status-publish","hentry"],"_links":{"self":[{"href":"https:\/\/www.jeanpaulkaeser.ch\/index.php\/wp-json\/wp\/v2\/pages\/558","targetHints":{"allow":["GET"]}}],"collection":[{"href":"https:\/\/www.jeanpaulkaeser.ch\/index.php\/wp-json\/wp\/v2\/pages"}],"about":[{"href":"https:\/\/www.jeanpaulkaeser.ch\/index.php\/wp-json\/wp\/v2\/types\/page"}],"author":[{"embeddable":true,"href":"https:\/\/www.jeanpaulkaeser.ch\/index.php\/wp-json\/wp\/v2\/users\/2"}],"replies":[{"embeddable":true,"href":"https:\/\/www.jeanpaulkaeser.ch\/index.php\/wp-json\/wp\/v2\/comments?post=558"}],"version-history":[{"count":10,"href":"https:\/\/www.jeanpaulkaeser.ch\/index.php\/wp-json\/wp\/v2\/pages\/558\/revisions"}],"predecessor-version":[{"id":736,"href":"https:\/\/www.jeanpaulkaeser.ch\/index.php\/wp-json\/wp\/v2\/pages\/558\/revisions\/736"}],"wp:attachment":[{"href":"https:\/\/www.jeanpaulkaeser.ch\/index.php\/wp-json\/wp\/v2\/media?parent=558"}],"curies":[{"name":"wp","href":"https:\/\/api.w.org\/{rel}","templated":true}]}}